{"id":3047,"date":"2025-01-14T09:58:46","date_gmt":"2025-01-14T16:58:46","guid":{"rendered":"https:\/\/sosdadbod.com\/linizio\/"},"modified":"2025-01-30T13:50:42","modified_gmt":"2025-01-30T20:50:42","slug":"linizio","status":"publish","type":"page","link":"https:\/\/sosdadbod.com\/it\/linizio\/","title":{"rendered":"L&#8217;inizio"},"content":{"rendered":"\t\t<div data-elementor-type=\"wp-page\" data-elementor-id=\"3047\" class=\"elementor elementor-3047 elementor-2273\" data-elementor-post-type=\"page\">\n\t\t\t\t<div data-particle_enable=\"false\" data-particle-mobile-disabled=\"false\" class=\"elementor-element elementor-element-47e2e54 e-flex e-con-boxed e-con e-parent\" data-id=\"47e2e54\" data-element_type=\"container\" data-e-type=\"container\">\n\t\t\t\t\t<div class=\"e-con-inner\">\n\t\t\t\t<div class=\"elementor-element elementor-element-176dfb3 elementor-widget elementor-widget-heading\" data-id=\"176dfb3\" data-element_type=\"widget\" data-e-type=\"widget\" data-widget_type=\"heading.default\">\n\t\t\t\t<div class=\"elementor-widget-container\">\n\t\t\t\t\t<h2 class=\"elementor-heading-title elementor-size-default\">Dove \u00e8 iniziato il viaggio<\/h2>\t\t\t\t<\/div>\n\t\t\t\t<\/div>\n\t\t\t\t\t<\/div>\n\t\t\t\t<\/div>\n\t\t<div data-particle_enable=\"false\" data-particle-mobile-disabled=\"false\" class=\"elementor-element elementor-element-7bfd4da e-flex e-con-boxed e-con e-parent\" data-id=\"7bfd4da\" data-element_type=\"container\" data-e-type=\"container\">\n\t\t\t\t\t<div class=\"e-con-inner\">\n\t\t\t\t<div class=\"elementor-element elementor-element-e039477 elementor-widget elementor-widget-text-editor\" data-id=\"e039477\" data-element_type=\"widget\" data-e-type=\"widget\" data-widget_type=\"text-editor.default\">\n\t\t\t\t<div class=\"elementor-widget-container\">\n\t\t\t\t\t\t\t\t\t<p><strong>l giorno in cui tutto \u00e8 iniziato: 3 gennaio 2025<\/strong><\/p>\n<p>Questo \u00e8 il giorno in cui ho deciso di prendere il controllo e documentare la mia trasformazione da &#8220;Dadbod&#8221; a una versione pi\u00f9 in forma e pi\u00f9 sana di me stesso.<\/p>\n<p>Ho appena compiuto <strong>50 anni<\/strong>. Sono alto <strong>180 cm (5&#8217;11&#8221;)<\/strong>, peso <strong>98 kg (216 lbs)<\/strong> e il mio girovita misura ben <strong>111 cm (44 pollici)<\/strong>.<\/p>\n<p>Qualche settimana fa ho raggiunto il grande <strong>5-0<\/strong>. Dovrebbe essere un motivo per festeggiare, giusto? Beh\u2026 in un certo senso. Ma ogni volta che mi guardo allo specchio, c\u2019\u00e8 questa sensazione fastidiosa. Sembro\u2026 beh, sembro un tipico cinquantenne. Non \u00e8 che non abbia provato, negli anni, a evitare quell\u2019aspetto &#8220;da 50enne&#8221;. Ma chiaramente il mio piano non ha f<\/p>\n\t\t\t\t\t\t\t\t<\/div>\n\t\t\t\t<\/div>\n\t\t\t\t\t<\/div>\n\t\t\t\t<\/div>\n\t\t<div data-particle_enable=\"false\" data-particle-mobile-disabled=\"false\" class=\"elementor-element elementor-element-c98d493 e-flex e-con-boxed e-con e-parent\" data-id=\"c98d493\" data-element_type=\"container\" data-e-type=\"container\">\n\t\t\t\t\t<div class=\"e-con-inner\">\n\t\t\t\t<div class=\"elementor-element elementor-element-3676ab7 elementor-widget elementor-widget-heading\" data-id=\"3676ab7\" data-element_type=\"widget\" data-e-type=\"widget\" data-widget_type=\"heading.default\">\n\t\t\t\t<div class=\"elementor-widget-container\">\n\t\t\t\t\t<h3 class=\"elementor-heading-title elementor-size-default\">Dati iniziali<\/h3>\t\t\t\t<\/div>\n\t\t\t\t<\/div>\n\t\t\t\t<div class=\"elementor-element elementor-element-cec1e48 elementor-widget elementor-widget-text-editor\" data-id=\"cec1e48\" data-element_type=\"widget\" data-e-type=\"widget\" data-widget_type=\"text-editor.default\">\n\t\t\t\t<div class=\"elementor-widget-container\">\n\t\t\t\t\t\t\t\t\t<ul>\n<li><strong>Peso:<\/strong> 97,6 kg (215,2 lbs)<\/li>\n<li><strong>Altezza:<\/strong> 183 cm (6&#8217;0&#8221;)<\/li>\n<li><strong>Circonferenza addominale \u00d8:<\/strong> 111 cm (43,7 pollici)<\/li>\n<li><strong>Circonferenza torace:<\/strong> 108 cm<\/li>\n<li><strong>Circonferenza vita:<\/strong> 104 cm<\/li>\n<li><strong>Circonferenza fianchi:<\/strong> 104 cm<\/li>\n<li><strong>Circonferenza bicipite (destro):<\/strong> 37 cm<\/li>\n<li><strong>BMI:<\/strong> 30,25<\/li>\n<\/ul>\n\t\t\t\t\t\t\t\t<\/div>\n\t\t\t\t<\/div>\n\t\t\t\t\t<\/div>\n\t\t\t\t<\/div>\n\t\t<div data-particle_enable=\"false\" data-particle-mobile-disabled=\"false\" class=\"elementor-element elementor-element-e274fe9 e-flex e-con-boxed e-con e-parent\" data-id=\"e274fe9\" data-element_type=\"container\" data-e-type=\"container\">\n\t\t\t\t\t<div class=\"e-con-inner\">\n\t\t\t\t<div class=\"elementor-element elementor-element-ad377cc elementor-widget elementor-widget-heading\" data-id=\"ad377cc\" data-element_type=\"widget\" data-e-type=\"widget\" data-widget_type=\"heading.default\">\n\t\t\t\t<div class=\"elementor-widget-container\">\n\t\t\t\t\t<h3 class=\"elementor-heading-title elementor-size-default\">Risultati DEXA Scan <\/h3>\t\t\t\t<\/div>\n\t\t\t\t<\/div>\n\t\t\t\t<div class=\"elementor-element elementor-element-fa44f68 elementor-widget elementor-widget-text-editor\" data-id=\"fa44f68\" data-element_type=\"widget\" data-e-type=\"widget\" data-widget_type=\"text-editor.default\">\n\t\t\t\t<div class=\"elementor-widget-container\">\n\t\t\t\t\t\t\t\t\t<p><strong>Percentuale di grasso corporeo:<\/strong> 32,9%<br \/>\n<strong>Peso totale del corpo:<\/strong> 97,12 kg (212 lbs)<br \/>\n<strong>Massa grassa\/Altezza\u00b2 (FMI):<\/strong> 9,7 kg\/m\u00b2<br \/>\n<strong>Massa del tessuto adiposo viscerale:<\/strong> 955,4 g<br \/>\n<strong>Volume del tessuto adiposo viscerale:<\/strong> 955,4 cm\u00b3<br \/>\n<strong>Area del tessuto adiposo sottocutaneo:<\/strong> 100,5 cm\u00b2<br \/>\n<strong>Massa magra (Lean Body Mass):<\/strong> 63,4 kg (139,8 lbs)<br \/>\n<strong>Tasso metabolico basale (BMR):<\/strong> 1947,1 kcal\/giorno<br \/>\n<strong>Massa magra\/Altezza\u00b2:<\/strong> 19,6 kg\/m\u00b2<\/p>\n\t\t\t\t\t\t\t\t<\/div>\n\t\t\t\t<\/div>\n\t\t\t\t\t<\/div>\n\t\t\t\t<\/div>\n\t\t<div data-particle_enable=\"false\" data-particle-mobile-disabled=\"false\" class=\"elementor-element elementor-element-4311520 e-flex e-con-boxed e-con e-parent\" data-id=\"4311520\" data-element_type=\"container\" data-e-type=\"container\">\n\t\t\t\t\t<div class=\"e-con-inner\">\n\t\t\t\t<div class=\"elementor-element elementor-element-2dc106d elementor-widget elementor-widget-heading\" data-id=\"2dc106d\" data-element_type=\"widget\" data-e-type=\"widget\" data-widget_type=\"heading.default\">\n\t\t\t\t<div class=\"elementor-widget-container\">\n\t\t\t\t\t<h3 class=\"elementor-heading-title elementor-size-default\">Analisi del sangue iniziale<\/h3>\t\t\t\t<\/div>\n\t\t\t\t<\/div>\n\t\t\t\t<div class=\"elementor-element elementor-element-e3b9bba elementor-widget elementor-widget-text-editor\" data-id=\"e3b9bba\" data-element_type=\"widget\" data-e-type=\"widget\" data-widget_type=\"text-editor.default\">\n\t\t\t\t<div class=\"elementor-widget-container\">\n\t\t\t\t\t\t\t\t\t<p><strong>Colesterolo totale:<\/strong> 200 mg\/dL (Al limite)<br \/>\n<strong>HDL (&#8220;colesterolo buono&#8221;):<\/strong> 29 mg\/dL (Basso)<br \/>\n<strong>Trigliceridi:<\/strong> 362 mg\/dL (Alto)<\/p>\n\t\t\t\t\t\t\t\t<\/div>\n\t\t\t\t<\/div>\n\t\t\t\t\t<\/div>\n\t\t\t\t<\/div>\n\t\t<div data-particle_enable=\"false\" data-particle-mobile-disabled=\"false\" class=\"elementor-element elementor-element-d9a5e6e e-flex e-con-boxed e-con e-parent\" data-id=\"d9a5e6e\" data-element_type=\"container\" data-e-type=\"container\">\n\t\t\t\t\t<div class=\"e-con-inner\">\n\t\t\t\t<div class=\"elementor-element elementor-element-66414b6 elementor-widget elementor-widget-heading\" data-id=\"66414b6\" data-element_type=\"widget\" data-e-type=\"widget\" data-widget_type=\"heading.default\">\n\t\t\t\t<div class=\"elementor-widget-container\">\n\t\t\t\t\t<h3 class=\"elementor-heading-title elementor-size-default\">Fitness cardiovascolare (Apple Watch Ultra)<\/h3>\t\t\t\t<\/div>\n\t\t\t\t<\/div>\n\t\t\t\t<div class=\"elementor-element elementor-element-f98eb7b elementor-widget elementor-widget-text-editor\" data-id=\"f98eb7b\" data-element_type=\"widget\" data-e-type=\"widget\" data-widget_type=\"text-editor.default\">\n\t\t\t\t<div class=\"elementor-widget-container\">\n\t\t\t\t\t\t\t\t\t<ul>\n<li><strong>VO2 Max:<\/strong> 29,4 (Inferiore alla media per et\u00e0 e sesso)<\/li>\n<li><strong>Frequenza cardiaca a riposo:<\/strong> 65 bpm<\/li>\n<li><strong>Variabilit\u00e0 della frequenza cardiaca (HRV):<\/strong> 27 ms (Bassa)<\/li>\n<\/ul>\n\t\t\t\t\t\t\t\t<\/div>\n\t\t\t\t<\/div>\n\t\t\t\t\t<\/div>\n\t\t\t\t<\/div>\n\t\t<div data-particle_enable=\"false\" data-particle-mobile-disabled=\"false\" class=\"elementor-element elementor-element-cd3f4f6 e-flex e-con-boxed e-con e-parent\" data-id=\"cd3f4f6\" data-element_type=\"container\" data-e-type=\"container\">\n\t\t\t\t\t<div class=\"e-con-inner\">\n\t\t\t\t<div class=\"elementor-element elementor-element-321e071 elementor-widget elementor-widget-heading\" data-id=\"321e071\" data-element_type=\"widget\" data-e-type=\"widget\" data-widget_type=\"heading.default\">\n\t\t\t\t<div class=\"elementor-widget-container\">\n\t\t\t\t\t<h3 class=\"elementor-heading-title elementor-size-default\">Ciclismo<\/h3>\t\t\t\t<\/div>\n\t\t\t\t<\/div>\n\t\t\t\t<div class=\"elementor-element elementor-element-f5334b0 elementor-widget elementor-widget-text-editor\" data-id=\"f5334b0\" data-element_type=\"widget\" data-e-type=\"widget\" data-widget_type=\"text-editor.default\">\n\t\t\t\t<div class=\"elementor-widget-container\">\n\t\t\t\t\t\t\t\t\t<p><strong>Functional Threshold Power (FTP):<\/strong> 208<br \/>\n<strong>Metodo di test:<\/strong> Ramp Test su Indoor Trainer (Wahoo Kickr)<\/p>\n\t\t\t\t\t\t\t\t<\/div>\n\t\t\t\t<\/div>\n\t\t\t\t\t<\/div>\n\t\t\t\t<\/div>\n\t\t<div data-particle_enable=\"false\" data-particle-mobile-disabled=\"false\" class=\"elementor-element elementor-element-0d0b407 e-flex e-con-boxed e-con e-parent\" data-id=\"0d0b407\" data-element_type=\"container\" data-e-type=\"container\">\n\t\t\t\t\t<div class=\"e-con-inner\">\n\t\t\t\t<div class=\"elementor-element elementor-element-6dd2b16 elementor-widget elementor-widget-heading\" data-id=\"6dd2b16\" data-element_type=\"widget\" data-e-type=\"widget\" data-widget_type=\"heading.default\">\n\t\t\t\t<div class=\"elementor-widget-container\">\n\t\t\t\t\t<h3 class=\"elementor-heading-title elementor-size-default\">Test di forma<\/h3>\t\t\t\t<\/div>\n\t\t\t\t<\/div>\n\t\t\t\t<div class=\"elementor-element elementor-element-ffa3cd3 elementor-widget elementor-widget-text-editor\" data-id=\"ffa3cd3\" data-element_type=\"widget\" data-e-type=\"widget\" data-widget_type=\"text-editor.default\">\n\t\t\t\t<div class=\"elementor-widget-container\">\n\t\t\t\t\t\t\t\t\t<p><strong>Piegamenti sulle braccia (Push-up):<\/strong> 8 ripetizioni<br \/>\n<strong>Trazioni alla sbarra (Pull-up):<\/strong> 2 ripetizioni<\/p>\n\t\t\t\t\t\t\t\t<\/div>\n\t\t\t\t<\/div>\n\t\t\t\t\t<\/div>\n\t\t\t\t<\/div>\n\t\t\t\t<\/div>\n\t\t","protected":false},"excerpt":{"rendered":"<p>Dove \u00e8 iniziato il viaggio l giorno in cui tutto \u00e8 iniziato: 3 gennaio 2025 Questo \u00e8 il giorno in cui ho deciso di prendere il controllo e documentare la mia trasformazione da &#8220;Dadbod&#8221; a una versione pi\u00f9 in forma e pi\u00f9 sana di me stesso. Ho appena compiuto 50 anni. Sono alto 180 cm [&hellip;]<\/p>\n","protected":false},"author":1,"featured_media":0,"parent":0,"menu_order":0,"comment_status":"closed","ping_status":"closed","template":"","meta":{"footnotes":""},"class_list":["post-3047","page","type-page","status-publish","hentry"],"yoast_head":"<!-- This site is optimized with the Yoast SEO plugin v27.4 - https:\/\/yoast.com\/product\/yoast-seo-wordpress\/ -->\n<title>L&#039;inizio - SOS.DAD.BOD<\/title>\n<meta name=\"robots\" content=\"index, follow, max-snippet:-1, max-image-preview:large, max-video-preview:-1\" \/>\n<link rel=\"canonical\" href=\"https:\/\/sosdadbod.com\/where-the-journey-started\/\" \/>\n<meta property=\"og:locale\" content=\"it_IT\" \/>\n<meta property=\"og:type\" content=\"article\" \/>\n<meta property=\"og:title\" content=\"L&#039;inizio - SOS.DAD.BOD\" \/>\n<meta property=\"og:description\" content=\"Dove \u00e8 iniziato il viaggio l giorno in cui tutto \u00e8 iniziato: 3 gennaio 2025 Questo \u00e8 il giorno in cui ho deciso di prendere il controllo e documentare la mia trasformazione da &#8220;Dadbod&#8221; a una versione pi\u00f9 in forma e pi\u00f9 sana di me stesso. Ho appena compiuto 50 anni. Sono alto 180 cm [&hellip;]\" \/>\n<meta property=\"og:url\" content=\"https:\/\/sosdadbod.com\/where-the-journey-started\/\" \/>\n<meta property=\"og:site_name\" content=\"SOS.DAD.BOD\" \/>\n<meta property=\"article:modified_time\" content=\"2025-01-30T20:50:42+00:00\" \/>\n<meta name=\"twitter:card\" content=\"summary_large_image\" \/>\n<meta name=\"twitter:label1\" content=\"Tempo di lettura stimato\" \/>\n\t<meta name=\"twitter:data1\" content=\"1 minuto\" \/>\n<script type=\"application\/ld+json\" class=\"yoast-schema-graph\">{\"@context\":\"https:\\\/\\\/schema.org\",\"@graph\":[{\"@type\":\"WebPage\",\"@id\":\"https:\\\/\\\/sosdadbod.com\\\/where-the-journey-started\\\/\",\"url\":\"https:\\\/\\\/sosdadbod.com\\\/where-the-journey-started\\\/\",\"name\":\"L'inizio - SOS.DAD.BOD\",\"isPartOf\":{\"@id\":\"https:\\\/\\\/sosdadbod.com\\\/#website\"},\"datePublished\":\"2025-01-14T16:58:46+00:00\",\"dateModified\":\"2025-01-30T20:50:42+00:00\",\"breadcrumb\":{\"@id\":\"https:\\\/\\\/sosdadbod.com\\\/where-the-journey-started\\\/#breadcrumb\"},\"inLanguage\":\"it-IT\",\"potentialAction\":[{\"@type\":\"ReadAction\",\"target\":[\"https:\\\/\\\/sosdadbod.com\\\/where-the-journey-started\\\/\"]}]},{\"@type\":\"BreadcrumbList\",\"@id\":\"https:\\\/\\\/sosdadbod.com\\\/where-the-journey-started\\\/#breadcrumb\",\"itemListElement\":[{\"@type\":\"ListItem\",\"position\":1,\"name\":\"Home\",\"item\":\"https:\\\/\\\/sosdadbod.com\\\/\"},{\"@type\":\"ListItem\",\"position\":2,\"name\":\"L&#8217;inizio\"}]},{\"@type\":\"WebSite\",\"@id\":\"https:\\\/\\\/sosdadbod.com\\\/#website\",\"url\":\"https:\\\/\\\/sosdadbod.com\\\/\",\"name\":\"SOSdadbod.com\",\"description\":\"Transform the Dadbod: Embrace Life, Reclaim Fitness\",\"publisher\":{\"@id\":\"https:\\\/\\\/sosdadbod.com\\\/#\\\/schema\\\/person\\\/d5659724f1f2cabcbfe608652273264e\"},\"potentialAction\":[{\"@type\":\"SearchAction\",\"target\":{\"@type\":\"EntryPoint\",\"urlTemplate\":\"https:\\\/\\\/sosdadbod.com\\\/?s={search_term_string}\"},\"query-input\":{\"@type\":\"PropertyValueSpecification\",\"valueRequired\":true,\"valueName\":\"search_term_string\"}}],\"inLanguage\":\"it-IT\"},{\"@type\":[\"Person\",\"Organization\"],\"@id\":\"https:\\\/\\\/sosdadbod.com\\\/#\\\/schema\\\/person\\\/d5659724f1f2cabcbfe608652273264e\",\"name\":\"Marty\",\"image\":{\"@type\":\"ImageObject\",\"inLanguage\":\"it-IT\",\"@id\":\"https:\\\/\\\/sosdadbod.com\\\/wp-content\\\/uploads\\\/2024\\\/08\\\/cropped-sosdadbod-logo-black.webp\",\"url\":\"https:\\\/\\\/sosdadbod.com\\\/wp-content\\\/uploads\\\/2024\\\/08\\\/cropped-sosdadbod-logo-black.webp\",\"contentUrl\":\"https:\\\/\\\/sosdadbod.com\\\/wp-content\\\/uploads\\\/2024\\\/08\\\/cropped-sosdadbod-logo-black.webp\",\"width\":240,\"height\":62,\"caption\":\"Marty\"},\"logo\":{\"@id\":\"https:\\\/\\\/sosdadbod.com\\\/wp-content\\\/uploads\\\/2024\\\/08\\\/cropped-sosdadbod-logo-black.webp\"},\"sameAs\":[\"https:\\\/\\\/sosdadbod.com\"]}]}<\/script>\n<!-- \/ Yoast SEO plugin. -->","yoast_head_json":{"title":"L'inizio - SOS.DAD.BOD","robots":{"index":"index","follow":"follow","max-snippet":"max-snippet:-1","max-image-preview":"max-image-preview:large","max-video-preview":"max-video-preview:-1"},"canonical":"https:\/\/sosdadbod.com\/where-the-journey-started\/","og_locale":"it_IT","og_type":"article","og_title":"L'inizio - SOS.DAD.BOD","og_description":"Dove \u00e8 iniziato il viaggio l giorno in cui tutto \u00e8 iniziato: 3 gennaio 2025 Questo \u00e8 il giorno in cui ho deciso di prendere il controllo e documentare la mia trasformazione da &#8220;Dadbod&#8221; a una versione pi\u00f9 in forma e pi\u00f9 sana di me stesso. Ho appena compiuto 50 anni. Sono alto 180 cm [&hellip;]","og_url":"https:\/\/sosdadbod.com\/where-the-journey-started\/","og_site_name":"SOS.DAD.BOD","article_modified_time":"2025-01-30T20:50:42+00:00","twitter_card":"summary_large_image","twitter_misc":{"Tempo di lettura stimato":"1 minuto"},"schema":{"@context":"https:\/\/schema.org","@graph":[{"@type":"WebPage","@id":"https:\/\/sosdadbod.com\/where-the-journey-started\/","url":"https:\/\/sosdadbod.com\/where-the-journey-started\/","name":"L'inizio - SOS.DAD.BOD","isPartOf":{"@id":"https:\/\/sosdadbod.com\/#website"},"datePublished":"2025-01-14T16:58:46+00:00","dateModified":"2025-01-30T20:50:42+00:00","breadcrumb":{"@id":"https:\/\/sosdadbod.com\/where-the-journey-started\/#breadcrumb"},"inLanguage":"it-IT","potentialAction":[{"@type":"ReadAction","target":["https:\/\/sosdadbod.com\/where-the-journey-started\/"]}]},{"@type":"BreadcrumbList","@id":"https:\/\/sosdadbod.com\/where-the-journey-started\/#breadcrumb","itemListElement":[{"@type":"ListItem","position":1,"name":"Home","item":"https:\/\/sosdadbod.com\/"},{"@type":"ListItem","position":2,"name":"L&#8217;inizio"}]},{"@type":"WebSite","@id":"https:\/\/sosdadbod.com\/#website","url":"https:\/\/sosdadbod.com\/","name":"SOSdadbod.com","description":"Transform the Dadbod: Embrace Life, Reclaim Fitness","publisher":{"@id":"https:\/\/sosdadbod.com\/#\/schema\/person\/d5659724f1f2cabcbfe608652273264e"},"potentialAction":[{"@type":"SearchAction","target":{"@type":"EntryPoint","urlTemplate":"https:\/\/sosdadbod.com\/?s={search_term_string}"},"query-input":{"@type":"PropertyValueSpecification","valueRequired":true,"valueName":"search_term_string"}}],"inLanguage":"it-IT"},{"@type":["Person","Organization"],"@id":"https:\/\/sosdadbod.com\/#\/schema\/person\/d5659724f1f2cabcbfe608652273264e","name":"Marty","image":{"@type":"ImageObject","inLanguage":"it-IT","@id":"https:\/\/sosdadbod.com\/wp-content\/uploads\/2024\/08\/cropped-sosdadbod-logo-black.webp","url":"https:\/\/sosdadbod.com\/wp-content\/uploads\/2024\/08\/cropped-sosdadbod-logo-black.webp","contentUrl":"https:\/\/sosdadbod.com\/wp-content\/uploads\/2024\/08\/cropped-sosdadbod-logo-black.webp","width":240,"height":62,"caption":"Marty"},"logo":{"@id":"https:\/\/sosdadbod.com\/wp-content\/uploads\/2024\/08\/cropped-sosdadbod-logo-black.webp"},"sameAs":["https:\/\/sosdadbod.com"]}]}},"jetpack_sharing_enabled":true,"_links":{"self":[{"href":"https:\/\/sosdadbod.com\/it\/wp-json\/wp\/v2\/pages\/3047","targetHints":{"allow":["GET"]}}],"collection":[{"href":"https:\/\/sosdadbod.com\/it\/wp-json\/wp\/v2\/pages"}],"about":[{"href":"https:\/\/sosdadbod.com\/it\/wp-json\/wp\/v2\/types\/page"}],"author":[{"embeddable":true,"href":"https:\/\/sosdadbod.com\/it\/wp-json\/wp\/v2\/users\/1"}],"replies":[{"embeddable":true,"href":"https:\/\/sosdadbod.com\/it\/wp-json\/wp\/v2\/comments?post=3047"}],"version-history":[{"count":1,"href":"https:\/\/sosdadbod.com\/it\/wp-json\/wp\/v2\/pages\/3047\/revisions"}],"predecessor-version":[{"id":3048,"href":"https:\/\/sosdadbod.com\/it\/wp-json\/wp\/v2\/pages\/3047\/revisions\/3048"}],"wp:attachment":[{"href":"https:\/\/sosdadbod.com\/it\/wp-json\/wp\/v2\/media?parent=3047"}],"curies":[{"name":"wp","href":"https:\/\/api.w.org\/{rel}","templated":true}]}}