{"id":3011,"date":"2025-01-08T07:10:56","date_gmt":"2025-01-08T14:10:56","guid":{"rendered":"https:\/\/sosdadbod.com\/home\/"},"modified":"2025-01-31T09:41:18","modified_gmt":"2025-01-31T16:41:18","slug":"home","status":"publish","type":"page","link":"https:\/\/sosdadbod.com\/de\/","title":{"rendered":"Home"},"content":{"rendered":"\t\t<div data-elementor-type=\"wp-page\" data-elementor-id=\"3011\" class=\"elementor elementor-3011 elementor-1644\" data-elementor-post-type=\"page\">\n\t\t\t\t<div data-particle_enable=\"false\" data-particle-mobile-disabled=\"false\" class=\"elementor-element elementor-element-259e2432 e-flex e-con-boxed e-con e-parent\" data-id=\"259e2432\" data-element_type=\"container\" data-e-type=\"container\" data-settings=\"{&quot;background_background&quot;:&quot;classic&quot;}\">\n\t\t\t\t\t<div class=\"e-con-inner\">\n\t\t\t\t<div class=\"elementor-element elementor-element-79e97fd7 elementor-hidden-desktop elementor-hidden-mobile elementor-widget elementor-widget-heading\" data-id=\"79e97fd7\" data-element_type=\"widget\" data-e-type=\"widget\" data-widget_type=\"heading.default\">\n\t\t\t\t<div class=\"elementor-widget-container\">\n\t\t\t\t\t<h2 class=\"elementor-heading-title elementor-size-default\">Von fettleibig zu fit<\/h2>\t\t\t\t<\/div>\n\t\t\t\t<\/div>\n\t\t\t\t<div class=\"elementor-element elementor-element-40adf129 elementor-widget elementor-widget-heading\" data-id=\"40adf129\" data-element_type=\"widget\" data-e-type=\"widget\" data-widget_type=\"heading.default\">\n\t\t\t\t<div class=\"elementor-widget-container\">\n\t\t\t\t\t<h1 class=\"elementor-heading-title elementor-size-default\">Selbst erlebt <br> Kein Filter.<\/h1>\t\t\t\t<\/div>\n\t\t\t\t<\/div>\n\t\t\t\t<div class=\"elementor-element elementor-element-a8c49c elementor-widget elementor-widget-text-editor\" data-id=\"a8c49c\" data-element_type=\"widget\" data-e-type=\"widget\" data-widget_type=\"text-editor.default\">\n\t\t\t\t<div class=\"elementor-widget-container\">\n\t\t\t\t\t\t\t\t\t<p> Meine Reise zu Gesundheit und Fitness<\/p>\n\t\t\t\t\t\t\t\t<\/div>\n\t\t\t\t<\/div>\n\t\t\t\t<div class=\"elementor-element elementor-element-2959524f elementor-grid-1 elementor-widget__width-auto elementor-absolute elementor-grid-mobile-1 elementor-shape-rounded e-grid-align-center elementor-widget elementor-widget-social-icons\" data-id=\"2959524f\" data-element_type=\"widget\" data-e-type=\"widget\" data-settings=\"{&quot;_position&quot;:&quot;absolute&quot;}\" data-widget_type=\"social-icons.default\">\n\t\t\t\t<div class=\"elementor-widget-container\">\n\t\t\t\t\t\t\t<div class=\"elementor-social-icons-wrapper elementor-grid\" role=\"list\">\n\t\t\t\t\t\t\t<span class=\"elementor-grid-item\" role=\"listitem\">\n\t\t\t\t\t<a class=\"elementor-icon elementor-social-icon elementor-social-icon-twitter elementor-animation-grow elementor-repeater-item-fb6f328\" href=\"https:\/\/x.com\/sosdadbod\" target=\"_blank\">\n\t\t\t\t\t\t<span class=\"elementor-screen-only\">Twitter<\/span>\n\t\t\t\t\t\t<svg aria-hidden=\"true\" class=\"e-font-icon-svg e-fab-twitter\" viewBox=\"0 0 512 512\" xmlns=\"http:\/\/www.w3.org\/2000\/svg\"><path d=\"M459.37 151.716c.325 4.548.325 9.097.325 13.645 0 138.72-105.583 298.558-298.558 298.558-59.452 0-114.68-17.219-161.137-47.106 8.447.974 16.568 1.299 25.34 1.299 49.055 0 94.213-16.568 130.274-44.832-46.132-.975-84.792-31.188-98.112-72.772 6.498.974 12.995 1.624 19.818 1.624 9.421 0 18.843-1.3 27.614-3.573-48.081-9.747-84.143-51.98-84.143-102.985v-1.299c13.969 7.797 30.214 12.67 47.431 13.319-28.264-18.843-46.781-51.005-46.781-87.391 0-19.492 5.197-37.36 14.294-52.954 51.655 63.675 129.3 105.258 216.365 109.807-1.624-7.797-2.599-15.918-2.599-24.04 0-57.828 46.782-104.934 104.934-104.934 30.213 0 57.502 12.67 76.67 33.137 23.715-4.548 46.456-13.32 66.599-25.34-7.798 24.366-24.366 44.833-46.132 57.827 21.117-2.273 41.584-8.122 60.426-16.243-14.292 20.791-32.161 39.308-52.628 54.253z\"><\/path><\/svg>\t\t\t\t\t<\/a>\n\t\t\t\t<\/span>\n\t\t\t\t\t\t\t<span class=\"elementor-grid-item\" role=\"listitem\">\n\t\t\t\t\t<a class=\"elementor-icon elementor-social-icon elementor-social-icon-youtube elementor-animation-grow elementor-repeater-item-bbd7dda\" href=\"http:\/\/www.youtube.com\/@SOSDADBOD\" target=\"_blank\">\n\t\t\t\t\t\t<span class=\"elementor-screen-only\">Youtube<\/span>\n\t\t\t\t\t\t<svg aria-hidden=\"true\" class=\"e-font-icon-svg e-fab-youtube\" viewBox=\"0 0 576 512\" xmlns=\"http:\/\/www.w3.org\/2000\/svg\"><path d=\"M549.655 124.083c-6.281-23.65-24.787-42.276-48.284-48.597C458.781 64 288 64 288 64S117.22 64 74.629 75.486c-23.497 6.322-42.003 24.947-48.284 48.597-11.412 42.867-11.412 132.305-11.412 132.305s0 89.438 11.412 132.305c6.281 23.65 24.787 41.5 48.284 47.821C117.22 448 288 448 288 448s170.78 0 213.371-11.486c23.497-6.321 42.003-24.171 48.284-47.821 11.412-42.867 11.412-132.305 11.412-132.305s0-89.438-11.412-132.305zm-317.51 213.508V175.185l142.739 81.205-142.739 81.201z\"><\/path><\/svg>\t\t\t\t\t<\/a>\n\t\t\t\t<\/span>\n\t\t\t\t\t\t\t<span class=\"elementor-grid-item\" role=\"listitem\">\n\t\t\t\t\t<a class=\"elementor-icon elementor-social-icon elementor-social-icon-instagram elementor-animation-grow elementor-repeater-item-74d6eaf\" href=\"https:\/\/www.instagram.com\/sosdadbod\/\" target=\"_blank\">\n\t\t\t\t\t\t<span class=\"elementor-screen-only\">Instagram<\/span>\n\t\t\t\t\t\t<svg aria-hidden=\"true\" class=\"e-font-icon-svg e-fab-instagram\" viewBox=\"0 0 448 512\" xmlns=\"http:\/\/www.w3.org\/2000\/svg\"><path d=\"M224.1 141c-63.6 0-114.9 51.3-114.9 114.9s51.3 114.9 114.9 114.9S339 319.5 339 255.9 287.7 141 224.1 141zm0 189.6c-41.1 0-74.7-33.5-74.7-74.7s33.5-74.7 74.7-74.7 74.7 33.5 74.7 74.7-33.6 74.7-74.7 74.7zm146.4-194.3c0 14.9-12 26.8-26.8 26.8-14.9 0-26.8-12-26.8-26.8s12-26.8 26.8-26.8 26.8 12 26.8 26.8zm76.1 27.2c-1.7-35.9-9.9-67.7-36.2-93.9-26.2-26.2-58-34.4-93.9-36.2-37-2.1-147.9-2.1-184.9 0-35.8 1.7-67.6 9.9-93.9 36.1s-34.4 58-36.2 93.9c-2.1 37-2.1 147.9 0 184.9 1.7 35.9 9.9 67.7 36.2 93.9s58 34.4 93.9 36.2c37 2.1 147.9 2.1 184.9 0 35.9-1.7 67.7-9.9 93.9-36.2 26.2-26.2 34.4-58 36.2-93.9 2.1-37 2.1-147.8 0-184.8zM398.8 388c-7.8 19.6-22.9 34.7-42.6 42.6-29.5 11.7-99.5 9-132.1 9s-102.7 2.6-132.1-9c-19.6-7.8-34.7-22.9-42.6-42.6-11.7-29.5-9-99.5-9-132.1s-2.6-102.7 9-132.1c7.8-19.6 22.9-34.7 42.6-42.6 29.5-11.7 99.5-9 132.1-9s102.7-2.6 132.1 9c19.6 7.8 34.7 22.9 42.6 42.6 11.7 29.5 9 99.5 9 132.1s2.7 102.7-9 132.1z\"><\/path><\/svg>\t\t\t\t\t<\/a>\n\t\t\t\t<\/span>\n\t\t\t\t\t\t\t<span class=\"elementor-grid-item\" role=\"listitem\">\n\t\t\t\t\t<a class=\"elementor-icon elementor-social-icon elementor-social-icon-tiktok elementor-animation-grow elementor-repeater-item-cc467b8\" href=\"https:\/\/www.tiktok.com\/@sosdadbod\" target=\"_blank\">\n\t\t\t\t\t\t<span class=\"elementor-screen-only\">Tiktok<\/span>\n\t\t\t\t\t\t<svg aria-hidden=\"true\" class=\"e-font-icon-svg e-fab-tiktok\" viewBox=\"0 0 448 512\" xmlns=\"http:\/\/www.w3.org\/2000\/svg\"><path d=\"M448,209.91a210.06,210.06,0,0,1-122.77-39.25V349.38A162.55,162.55,0,1,1,185,188.31V278.2a74.62,74.62,0,1,0,52.23,71.18V0l88,0a121.18,121.18,0,0,0,1.86,22.17h0A122.18,122.18,0,0,0,381,102.39a121.43,121.43,0,0,0,67,20.14Z\"><\/path><\/svg>\t\t\t\t\t<\/a>\n\t\t\t\t<\/span>\n\t\t\t\t\t<\/div>\n\t\t\t\t\t\t<\/div>\n\t\t\t\t<\/div>\n\t\t\t\t\t<\/div>\n\t\t\t\t<\/div>\n\t\t<div data-particle_enable=\"false\" data-particle-mobile-disabled=\"false\" class=\"elementor-element elementor-element-724c7b2 e-flex e-con-boxed e-con e-parent\" data-id=\"724c7b2\" data-element_type=\"container\" data-e-type=\"container\">\n\t\t\t\t\t<div class=\"e-con-inner\">\n\t\t\t\t<div class=\"elementor-element elementor-element-ccba3a3 elementor-widget elementor-widget-spacer\" data-id=\"ccba3a3\" data-element_type=\"widget\" data-e-type=\"widget\" data-widget_type=\"spacer.default\">\n\t\t\t\t<div class=\"elementor-widget-container\">\n\t\t\t\t\t\t\t<div class=\"elementor-spacer\">\n\t\t\t<div class=\"elementor-spacer-inner\"><\/div>\n\t\t<\/div>\n\t\t\t\t\t\t<\/div>\n\t\t\t\t<\/div>\n\t\t\t\t<div class=\"elementor-element elementor-element-6bd3d5a elementor-widget elementor-widget-heading\" data-id=\"6bd3d5a\" data-element_type=\"widget\" data-e-type=\"widget\" data-widget_type=\"heading.default\">\n\t\t\t\t<div class=\"elementor-widget-container\">\n\t\t\t\t\t<h1 class=\"elementor-heading-title elementor-size-default\">Meine pers\u00f6nliche Reise zur K\u00f6rpertransformation<\/h1>\t\t\t\t<\/div>\n\t\t\t\t<\/div>\n\t\t\t\t\t<\/div>\n\t\t\t\t<\/div>\n\t\t<div data-particle_enable=\"false\" data-particle-mobile-disabled=\"false\" class=\"elementor-element elementor-element-b6520e9 e-flex e-con-boxed e-con e-parent\" data-id=\"b6520e9\" data-element_type=\"container\" data-e-type=\"container\">\n\t\t\t\t\t<div class=\"e-con-inner\">\n\t\t\t\t<div class=\"elementor-element elementor-element-77f860f elementor-widget elementor-widget-text-editor\" data-id=\"77f860f\" data-element_type=\"widget\" data-e-type=\"widget\" data-widget_type=\"text-editor.default\">\n\t\t\t\t<div class=\"elementor-widget-container\">\n\t\t\t\t\t\t\t\t\t<p data-pm-slice=\"1 1 []\">Hi, ich bin Marty. Anfang Januar 2025 war ich offiziell adip\u00f6s (Adipositas Klasse I) \u2013 und das war der Moment, in dem mir klar wurde: Es muss sich etwas \u00e4ndern.<\/p><p>Mit 50 Jahren, 183 cm K\u00f6rpergr\u00f6\u00dfe und einem Gewicht von 98 kg hatte ich \u00fcber die Jahre an Gewicht zugelegt. Mein K\u00f6rper f\u00fchlte sich nicht mehr so an, wie ich ihn kannte. Es ging nicht nur ums Aussehen \u2013 ich wollte mich wieder gesund, stark und wohl in meiner Haut f\u00fchlen.<\/p>\t\t\t\t\t\t\t\t<\/div>\n\t\t\t\t<\/div>\n\t\t\t\t\t<\/div>\n\t\t\t\t<\/div>\n\t\t<div data-particle_enable=\"false\" data-particle-mobile-disabled=\"false\" class=\"elementor-element elementor-element-dc979fe e-flex e-con-boxed e-con e-parent\" data-id=\"dc979fe\" data-element_type=\"container\" data-e-type=\"container\">\n\t\t\t\t\t<div class=\"e-con-inner\">\n\t\t\t\t<div class=\"elementor-element elementor-element-8edd3ab elementor-widget elementor-widget-heading\" data-id=\"8edd3ab\" data-element_type=\"widget\" data-e-type=\"widget\" data-widget_type=\"heading.default\">\n\t\t\t\t<div class=\"elementor-widget-container\">\n\t\t\t\t\t<h2 class=\"elementor-heading-title elementor-size-default\">Warum diese Website?<\/h2>\t\t\t\t<\/div>\n\t\t\t\t<\/div>\n\t\t\t\t<div class=\"elementor-element elementor-element-4c97965 elementor-widget elementor-widget-text-editor\" data-id=\"4c97965\" data-element_type=\"widget\" data-e-type=\"widget\" data-widget_type=\"text-editor.default\">\n\t\t\t\t<div class=\"elementor-widget-container\">\n\t\t\t\t\t\t\t\t\t<p data-pm-slice=\"1 1 []\">Ich habe mich gefragt: Ist es m\u00f6glich, mit einfachen Mitteln \u2013 also ohne teure Fitnessstudios oder extreme Di\u00e4ten \u2013 wieder fit zu werden? Kann ein 50-J\u00e4hriger durch ein Kaloriendefizit, Krafttraining zu Hause, Radfahren und eine ausreichende Proteinzufuhr nachhaltig abnehmen, seinen Bauch verkleinern und seine Fitness zur\u00fcckgewinnen? Kann ich mich wieder wohl in meiner Haut f\u00fchlen?<\/p><p>Mal ehrlich: Was soll ich mit 50 Jahren, grauen Haaren und einem ordentlichen Bauchansatz im Fitnessstudio? Zwischen aufgepumpten Mittzwanzigern, die sich vor den Spiegeln flexen? Nein, danke. Ich verzichte bewusst darauf \u2013 ebenso auf Coaches, Apps und andere Low- und High-Tech-Hilfsmittel. Ich will herausfinden, ob es auch ohne den ganzen Schnickschnack funktioniert.<\/p><p>Als ich nach echten Erfahrungsberichten von M\u00e4nnern in meinem Alter suchte, fand ich keine einzige Geschichte, mit der ich mich identifizieren konnte. Also dachte ich: Warum nicht selbst dokumentieren, was funktioniert \u2013 und was nicht? Vielleicht gibt es da drau\u00dfen andere, die sich dieselben Fragen stellen. Ich konnte keine Antworten finden: Wer hat es geschafft? Wie hat er es geschafft? Wie lange hat es gedauert? Was musste er daf\u00fcr tun oder opfern? Was hat sich verbessert? Was war wirklich n\u00f6tig \u2013 und was nicht? Welche Anschaffungen haben sich gelohnt, welche nicht?<\/p><p>Das sind die Fragen, denen ich mich in meinem Selbstversuch stelle.<\/p><p>Diese Website ist mein ehrliches, ungefiltertes Tagebuch. Hier dokumentiere ich meine Fortschritte, meine R\u00fcckschl\u00e4ge und die Methoden, die ich anwende.<\/p>\t\t\t\t\t\t\t\t<\/div>\n\t\t\t\t<\/div>\n\t\t\t\t<div class=\"elementor-element elementor-element-d69a092 elementor-widget-divider--view-line elementor-widget elementor-widget-divider\" data-id=\"d69a092\" data-element_type=\"widget\" data-e-type=\"widget\" data-widget_type=\"divider.default\">\n\t\t\t\t<div class=\"elementor-widget-container\">\n\t\t\t\t\t\t\t<div class=\"elementor-divider\">\n\t\t\t<span class=\"elementor-divider-separator\">\n\t\t\t\t\t\t<\/span>\n\t\t<\/div>\n\t\t\t\t\t\t<\/div>\n\t\t\t\t<\/div>\n\t\t\t\t<div class=\"elementor-element elementor-element-433a2db elementor-widget elementor-widget-heading\" data-id=\"433a2db\" data-element_type=\"widget\" data-e-type=\"widget\" data-widget_type=\"heading.default\">\n\t\t\t\t<div class=\"elementor-widget-container\">\n\t\t\t\t\t<h2 class=\"elementor-heading-title elementor-size-default\">Mein Plan: Wie ich die Sache angehen werde<\/h2>\t\t\t\t<\/div>\n\t\t\t\t<\/div>\n\t\t\t\t<div class=\"elementor-element elementor-element-1f16609 elementor-widget elementor-widget-text-editor\" data-id=\"1f16609\" data-element_type=\"widget\" data-e-type=\"widget\" data-widget_type=\"text-editor.default\">\n\t\t\t\t<div class=\"elementor-widget-container\">\n\t\t\t\t\t\t\t\t\t<p>Anstatt blind zu beginnen, bin ich <strong>strukturiert vorgegangen<\/strong>:<br \/>\u2714 <strong>DEXA-Scan<\/strong> zur Analyse der K\u00f6rperzusammensetzung<br \/>\u2714 <strong>Gesundheitscheck bei einem Sportarzt<\/strong><br \/>\u2714 <strong>Blutanalyse<\/strong><br \/>\u2714 <strong>FTP-Test zur Bewertung der Fitness<\/strong><\/p><h4><strong>Mein Ziel:<\/strong><\/h4><p>In den n\u00e4chsten <strong>6 bis 10 Monaten<\/strong> m\u00f6chte ich <strong>etwa 20 kg abnehmen<\/strong> und <strong>meine Taille um etwa 20 cm reduzieren<\/strong>.<\/p><p>Meine Strategie st\u00fctzt sich auf <strong>vier wichtige S\u00e4ulen<\/strong>:<\/p><p>1\ufe0f\u20e3 <strong>T\u00e4gliches Kaloriendefizit<\/strong> (ca. 700 kcal\/Tag)<br \/>2\ufe0f\u20e3 <strong>Krafttraining<\/strong> (K\u00f6rpergewichts\u00fcbungen zu Hause)<br \/>3\ufe0f\u20e3 <strong>Ausdauertraining<\/strong> (haupts\u00e4chlich Radfahren)<br \/>4\ufe0f\u20e3 <strong>Ern\u00e4hrungsumstellung<\/strong> (proteinreiche Ern\u00e4hrung)<\/p><p data-pm-slice=\"1 1 []\">Ich will herausfinden, was wirklich funktioniert \u2013 ohne extreme Methoden, sondern mit einem Ansatz, der alltagstauglich ist und auf lange Sicht Bestand hat. Noch wichtiger ist f\u00fcr mich die Frage, ob es \u00fcberhaupt m\u00f6glich ist, mit dieser Methode abzunehmen, fit zu werden und meine Gesundheit nachhaltig zu verbessern \u2013 ohne teure Hilfsmittel oder unrealistische Programme.<\/p>\t\t\t\t\t\t\t\t<\/div>\n\t\t\t\t<\/div>\n\t\t\t\t<div class=\"elementor-element elementor-element-6111617 elementor-widget elementor-widget-eael-post-carousel\" data-id=\"6111617\" data-element_type=\"widget\" data-e-type=\"widget\" data-settings=\"{&quot;items&quot;:{&quot;unit&quot;:&quot;px&quot;,&quot;size&quot;:3,&quot;sizes&quot;:[]},&quot;items_tablet&quot;:{&quot;unit&quot;:&quot;px&quot;,&quot;size&quot;:2,&quot;sizes&quot;:[]},&quot;items_mobile&quot;:{&quot;unit&quot;:&quot;px&quot;,&quot;size&quot;:1,&quot;sizes&quot;:[]}}\" data-widget_type=\"eael-post-carousel.default\">\n\t\t\t\t<div class=\"elementor-widget-container\">\n\t\t\t\t\t        <div class=\"swiper-container-wrap eael-post-grid-container eael-post-carousel-wrap eael-post-carousel-style-one swiper-container-wrap-dots-outside\" id=\"eael-post-grid-6111617\">\n            <div class=\"swiper-container swiper-8-lower eael-post-carousel eael-post-grid swiper-container-6111617 eael-post-appender-6111617\" data-pagination=\".swiper-pagination-6111617\" data-arrow-next=\".swiper-button-next-6111617\" data-arrow-prev=\".swiper-button-prev-6111617\" data-items-mobile=\"1\" data-items-tablet=\"2\" data-items=\"3\" data-margin=\"10\" data-effect=\"slide\" data-speed=\"400\" data-autoplay=\"2000\" data-loop=\"1\" data-arrows=\"1\" data-dots=\"1\">\n                <div class=\"swiper-wrapper\">\n\t\t\t\t\t<p class=\"no-posts-found\">No posts found!<\/p>                <\/div>\n            <\/div>\n            <div class=\"clearfix\"><\/div>\n\t\t\t            <!-- Add Pagination -->\n            <div class=\"swiper-pagination swiper-pagination-6111617\"><\/div>\n\t\t\t\t\t            <!-- Add Arrows -->\n            <div class=\"swiper-button-next swiper-button-next-6111617\">\n                <i class=\"fa fa-angle-right\"><\/i>\n            <\/div>\n            <div class=\"swiper-button-prev swiper-button-prev-6111617\">\n                <i class=\"fa fa-angle-left\"><\/i>\n            <\/div>\n\t\t\t        <\/div>\n\t\t\t\t\t\t<\/div>\n\t\t\t\t<\/div>\n\t\t\t\t\t<\/div>\n\t\t\t\t<\/div>\n\t\t\t\t<\/div>\n\t\t","protected":false},"excerpt":{"rendered":"<p>Von fettleibig zu fit Selbst erlebt Kein Filter. Meine Reise zu Gesundheit und Fitness Twitter Youtube Instagram Tiktok Meine pers\u00f6nliche Reise zur K\u00f6rpertransformation Hi, ich bin Marty. Anfang Januar 2025 war ich offiziell adip\u00f6s (Adipositas Klasse I) \u2013 und das war der Moment, in dem mir klar wurde: Es muss sich etwas \u00e4ndern. Mit 50 [&hellip;]<\/p>\n","protected":false},"author":1,"featured_media":0,"parent":0,"menu_order":0,"comment_status":"closed","ping_status":"closed","template":"","meta":{"footnotes":""},"class_list":["post-3011","page","type-page","status-publish","hentry"],"yoast_head":"<!-- This site is optimized with the Yoast SEO plugin v27.5 - https:\/\/yoast.com\/product\/yoast-seo-wordpress\/ -->\n<title>Home - SOS.DAD.BOD<\/title>\n<meta name=\"robots\" content=\"index, follow, max-snippet:-1, max-image-preview:large, max-video-preview:-1\" \/>\n<link rel=\"canonical\" href=\"https:\/\/sosdadbod.com\/\" \/>\n<meta property=\"og:locale\" content=\"de_DE\" \/>\n<meta property=\"og:type\" content=\"article\" \/>\n<meta property=\"og:title\" content=\"Home - SOS.DAD.BOD\" \/>\n<meta property=\"og:description\" content=\"Von fettleibig zu fit Selbst erlebt Kein Filter. Meine Reise zu Gesundheit und Fitness Twitter Youtube Instagram Tiktok Meine pers\u00f6nliche Reise zur K\u00f6rpertransformation Hi, ich bin Marty. Anfang Januar 2025 war ich offiziell adip\u00f6s (Adipositas Klasse I) \u2013 und das war der Moment, in dem mir klar wurde: Es muss sich etwas \u00e4ndern. Mit 50 [&hellip;]\" \/>\n<meta property=\"og:url\" content=\"https:\/\/sosdadbod.com\/\" \/>\n<meta property=\"og:site_name\" content=\"SOS.DAD.BOD\" \/>\n<meta property=\"article:modified_time\" content=\"2025-01-31T16:41:18+00:00\" \/>\n<meta property=\"og:image\" content=\"https:\/\/sosdadbod.com\/wp-content\/uploads\/2025\/01\/week-3-comparison-768x432.webp\" \/>\n<meta name=\"twitter:card\" content=\"summary_large_image\" \/>\n<meta name=\"twitter:label1\" content=\"Gesch\u00e4tzte Lesezeit\" \/>\n\t<meta name=\"twitter:data1\" content=\"3\u00a0Minuten\" \/>\n<script type=\"application\/ld+json\" class=\"yoast-schema-graph\">{\"@context\":\"https:\\\/\\\/schema.org\",\"@graph\":[{\"@type\":\"WebPage\",\"@id\":\"https:\\\/\\\/sosdadbod.com\\\/\",\"url\":\"https:\\\/\\\/sosdadbod.com\\\/\",\"name\":\"Home - SOS.DAD.BOD\",\"isPartOf\":{\"@id\":\"https:\\\/\\\/sosdadbod.com\\\/#website\"},\"primaryImageOfPage\":{\"@id\":\"https:\\\/\\\/sosdadbod.com\\\/#primaryimage\"},\"image\":{\"@id\":\"https:\\\/\\\/sosdadbod.com\\\/#primaryimage\"},\"thumbnailUrl\":\"https:\\\/\\\/sosdadbod.com\\\/wp-content\\\/uploads\\\/2025\\\/01\\\/week-3-comparison-768x432.webp\",\"datePublished\":\"2025-01-08T14:10:56+00:00\",\"dateModified\":\"2025-01-31T16:41:18+00:00\",\"breadcrumb\":{\"@id\":\"https:\\\/\\\/sosdadbod.com\\\/#breadcrumb\"},\"inLanguage\":\"de\",\"potentialAction\":[{\"@type\":\"ReadAction\",\"target\":[\"https:\\\/\\\/sosdadbod.com\\\/\"]}]},{\"@type\":\"ImageObject\",\"inLanguage\":\"de\",\"@id\":\"https:\\\/\\\/sosdadbod.com\\\/#primaryimage\",\"url\":\"https:\\\/\\\/sosdadbod.com\\\/wp-content\\\/uploads\\\/2025\\\/01\\\/week-3-comparison-768x432.webp\",\"contentUrl\":\"https:\\\/\\\/sosdadbod.com\\\/wp-content\\\/uploads\\\/2025\\\/01\\\/week-3-comparison-768x432.webp\"},{\"@type\":\"BreadcrumbList\",\"@id\":\"https:\\\/\\\/sosdadbod.com\\\/#breadcrumb\",\"itemListElement\":[{\"@type\":\"ListItem\",\"position\":1,\"name\":\"Home\",\"item\":\"https:\\\/\\\/sosdadbod.com\\\/\"},{\"@type\":\"ListItem\",\"position\":2,\"name\":\"Home\"}]},{\"@type\":\"WebSite\",\"@id\":\"https:\\\/\\\/sosdadbod.com\\\/#website\",\"url\":\"https:\\\/\\\/sosdadbod.com\\\/\",\"name\":\"SOSdadbod.com\",\"description\":\"Transform the Dadbod: Embrace Life, Reclaim Fitness\",\"publisher\":{\"@id\":\"https:\\\/\\\/sosdadbod.com\\\/#\\\/schema\\\/person\\\/d5659724f1f2cabcbfe608652273264e\"},\"potentialAction\":[{\"@type\":\"SearchAction\",\"target\":{\"@type\":\"EntryPoint\",\"urlTemplate\":\"https:\\\/\\\/sosdadbod.com\\\/?s={search_term_string}\"},\"query-input\":{\"@type\":\"PropertyValueSpecification\",\"valueRequired\":true,\"valueName\":\"search_term_string\"}}],\"inLanguage\":\"de\"},{\"@type\":[\"Person\",\"Organization\"],\"@id\":\"https:\\\/\\\/sosdadbod.com\\\/#\\\/schema\\\/person\\\/d5659724f1f2cabcbfe608652273264e\",\"name\":\"Marty\",\"image\":{\"@type\":\"ImageObject\",\"inLanguage\":\"de\",\"@id\":\"https:\\\/\\\/sosdadbod.com\\\/wp-content\\\/uploads\\\/2024\\\/08\\\/cropped-sosdadbod-logo-black.webp\",\"url\":\"https:\\\/\\\/sosdadbod.com\\\/wp-content\\\/uploads\\\/2024\\\/08\\\/cropped-sosdadbod-logo-black.webp\",\"contentUrl\":\"https:\\\/\\\/sosdadbod.com\\\/wp-content\\\/uploads\\\/2024\\\/08\\\/cropped-sosdadbod-logo-black.webp\",\"width\":240,\"height\":62,\"caption\":\"Marty\"},\"logo\":{\"@id\":\"https:\\\/\\\/sosdadbod.com\\\/wp-content\\\/uploads\\\/2024\\\/08\\\/cropped-sosdadbod-logo-black.webp\"},\"sameAs\":[\"https:\\\/\\\/sosdadbod.com\"]}]}<\/script>\n<!-- \/ Yoast SEO plugin. -->","yoast_head_json":{"title":"Home - SOS.DAD.BOD","robots":{"index":"index","follow":"follow","max-snippet":"max-snippet:-1","max-image-preview":"max-image-preview:large","max-video-preview":"max-video-preview:-1"},"canonical":"https:\/\/sosdadbod.com\/","og_locale":"de_DE","og_type":"article","og_title":"Home - SOS.DAD.BOD","og_description":"Von fettleibig zu fit Selbst erlebt Kein Filter. Meine Reise zu Gesundheit und Fitness Twitter Youtube Instagram Tiktok Meine pers\u00f6nliche Reise zur K\u00f6rpertransformation Hi, ich bin Marty. Anfang Januar 2025 war ich offiziell adip\u00f6s (Adipositas Klasse I) \u2013 und das war der Moment, in dem mir klar wurde: Es muss sich etwas \u00e4ndern. Mit 50 [&hellip;]","og_url":"https:\/\/sosdadbod.com\/","og_site_name":"SOS.DAD.BOD","article_modified_time":"2025-01-31T16:41:18+00:00","og_image":[{"url":"https:\/\/sosdadbod.com\/wp-content\/uploads\/2025\/01\/week-3-comparison-768x432.webp","type":"","width":"","height":""}],"twitter_card":"summary_large_image","twitter_misc":{"Gesch\u00e4tzte Lesezeit":"3\u00a0Minuten"},"schema":{"@context":"https:\/\/schema.org","@graph":[{"@type":"WebPage","@id":"https:\/\/sosdadbod.com\/","url":"https:\/\/sosdadbod.com\/","name":"Home - SOS.DAD.BOD","isPartOf":{"@id":"https:\/\/sosdadbod.com\/#website"},"primaryImageOfPage":{"@id":"https:\/\/sosdadbod.com\/#primaryimage"},"image":{"@id":"https:\/\/sosdadbod.com\/#primaryimage"},"thumbnailUrl":"https:\/\/sosdadbod.com\/wp-content\/uploads\/2025\/01\/week-3-comparison-768x432.webp","datePublished":"2025-01-08T14:10:56+00:00","dateModified":"2025-01-31T16:41:18+00:00","breadcrumb":{"@id":"https:\/\/sosdadbod.com\/#breadcrumb"},"inLanguage":"de","potentialAction":[{"@type":"ReadAction","target":["https:\/\/sosdadbod.com\/"]}]},{"@type":"ImageObject","inLanguage":"de","@id":"https:\/\/sosdadbod.com\/#primaryimage","url":"https:\/\/sosdadbod.com\/wp-content\/uploads\/2025\/01\/week-3-comparison-768x432.webp","contentUrl":"https:\/\/sosdadbod.com\/wp-content\/uploads\/2025\/01\/week-3-comparison-768x432.webp"},{"@type":"BreadcrumbList","@id":"https:\/\/sosdadbod.com\/#breadcrumb","itemListElement":[{"@type":"ListItem","position":1,"name":"Home","item":"https:\/\/sosdadbod.com\/"},{"@type":"ListItem","position":2,"name":"Home"}]},{"@type":"WebSite","@id":"https:\/\/sosdadbod.com\/#website","url":"https:\/\/sosdadbod.com\/","name":"SOSdadbod.com","description":"Transform the Dadbod: Embrace Life, Reclaim Fitness","publisher":{"@id":"https:\/\/sosdadbod.com\/#\/schema\/person\/d5659724f1f2cabcbfe608652273264e"},"potentialAction":[{"@type":"SearchAction","target":{"@type":"EntryPoint","urlTemplate":"https:\/\/sosdadbod.com\/?s={search_term_string}"},"query-input":{"@type":"PropertyValueSpecification","valueRequired":true,"valueName":"search_term_string"}}],"inLanguage":"de"},{"@type":["Person","Organization"],"@id":"https:\/\/sosdadbod.com\/#\/schema\/person\/d5659724f1f2cabcbfe608652273264e","name":"Marty","image":{"@type":"ImageObject","inLanguage":"de","@id":"https:\/\/sosdadbod.com\/wp-content\/uploads\/2024\/08\/cropped-sosdadbod-logo-black.webp","url":"https:\/\/sosdadbod.com\/wp-content\/uploads\/2024\/08\/cropped-sosdadbod-logo-black.webp","contentUrl":"https:\/\/sosdadbod.com\/wp-content\/uploads\/2024\/08\/cropped-sosdadbod-logo-black.webp","width":240,"height":62,"caption":"Marty"},"logo":{"@id":"https:\/\/sosdadbod.com\/wp-content\/uploads\/2024\/08\/cropped-sosdadbod-logo-black.webp"},"sameAs":["https:\/\/sosdadbod.com"]}]}},"jetpack_sharing_enabled":true,"_links":{"self":[{"href":"https:\/\/sosdadbod.com\/de\/wp-json\/wp\/v2\/pages\/3011","targetHints":{"allow":["GET"]}}],"collection":[{"href":"https:\/\/sosdadbod.com\/de\/wp-json\/wp\/v2\/pages"}],"about":[{"href":"https:\/\/sosdadbod.com\/de\/wp-json\/wp\/v2\/types\/page"}],"author":[{"embeddable":true,"href":"https:\/\/sosdadbod.com\/de\/wp-json\/wp\/v2\/users\/1"}],"replies":[{"embeddable":true,"href":"https:\/\/sosdadbod.com\/de\/wp-json\/wp\/v2\/comments?post=3011"}],"version-history":[{"count":20,"href":"https:\/\/sosdadbod.com\/de\/wp-json\/wp\/v2\/pages\/3011\/revisions"}],"predecessor-version":[{"id":3199,"href":"https:\/\/sosdadbod.com\/de\/wp-json\/wp\/v2\/pages\/3011\/revisions\/3199"}],"wp:attachment":[{"href":"https:\/\/sosdadbod.com\/de\/wp-json\/wp\/v2\/media?parent=3011"}],"curies":[{"name":"wp","href":"https:\/\/api.w.org\/{rel}","templated":true}]}}